{"id":169,"date":"2022-09-25T11:05:54","date_gmt":"2022-09-25T09:05:54","guid":{"rendered":"http:\/\/www.imkerverein-attersee-nord.at\/?page_id=169"},"modified":"2025-12-01T18:21:33","modified_gmt":"2025-12-01T17:21:33","slug":"ueber-uns","status":"publish","type":"page","link":"https:\/\/www.imkerverein-attersee-nord.at\/?page_id=169","title":{"rendered":"\u00dcber uns"},"content":{"rendered":"\t\t<div data-elementor-type=\"wp-page\" data-elementor-id=\"169\" class=\"elementor elementor-169\">\n\t\t\t\t\t\t\t\t\t<section class=\"elementor-section elementor-top-section elementor-element elementor-element-5225185c elementor-section-boxed elementor-section-height-default elementor-section-height-default\" data-id=\"5225185c\" data-element_type=\"section\">\n\t\t\t\t\t\t<div class=\"elementor-container elementor-column-gap-no\">\n\t\t\t\t\t<div class=\"elementor-column elementor-col-50 elementor-top-column elementor-element elementor-element-6a1418dc\" data-id=\"6a1418dc\" data-element_type=\"column\">\n\t\t\t<div class=\"elementor-widget-wrap elementor-element-populated\">\n\t\t\t\t\t\t\t\t<div class=\"elementor-element elementor-element-2e63e94e elementor-widget elementor-widget-heading\" data-id=\"2e63e94e\" data-element_type=\"widget\" data-widget_type=\"heading.default\">\n\t\t\t\t<div class=\"elementor-widget-container\">\n\t\t\t<style>\/*! elementor - v3.7.8 - 02-10-2022 *\/\n.elementor-heading-title{padding:0;margin:0;line-height:1}.elementor-widget-heading .elementor-heading-title[class*=elementor-size-]>a{color:inherit;font-size:inherit;line-height:inherit}.elementor-widget-heading .elementor-heading-title.elementor-size-small{font-size:15px}.elementor-widget-heading .elementor-heading-title.elementor-size-medium{font-size:19px}.elementor-widget-heading .elementor-heading-title.elementor-size-large{font-size:29px}.elementor-widget-heading .elementor-heading-title.elementor-size-xl{font-size:39px}.elementor-widget-heading .elementor-heading-title.elementor-size-xxl{font-size:59px}<\/style><h2 class=\"elementor-heading-title elementor-size-default\">\u00dcber uns<\/h2>\t\t<\/div>\n\t\t\t\t<\/div>\n\t\t\t\t\t<\/div>\n\t\t<\/div>\n\t\t\t\t<div class=\"elementor-column elementor-col-50 elementor-top-column elementor-element elementor-element-17f44392\" data-id=\"17f44392\" data-element_type=\"column\">\n\t\t\t<div class=\"elementor-widget-wrap elementor-element-populated\">\n\t\t\t\t\t\t\t\t<div class=\"elementor-element elementor-element-fe05155 elementor-widget elementor-widget-text-editor\" data-id=\"fe05155\" data-element_type=\"widget\" data-widget_type=\"text-editor.default\">\n\t\t\t\t<div class=\"elementor-widget-container\">\n\t\t\t<style>\/*! elementor - v3.7.8 - 02-10-2022 *\/\n.elementor-widget-text-editor.elementor-drop-cap-view-stacked .elementor-drop-cap{background-color:#818a91;color:#fff}.elementor-widget-text-editor.elementor-drop-cap-view-framed .elementor-drop-cap{color:#818a91;border:3px solid;background-color:transparent}.elementor-widget-text-editor:not(.elementor-drop-cap-view-default) .elementor-drop-cap{margin-top:8px}.elementor-widget-text-editor:not(.elementor-drop-cap-view-default) .elementor-drop-cap-letter{width:1em;height:1em}.elementor-widget-text-editor .elementor-drop-cap{float:left;text-align:center;line-height:1;font-size:50px}.elementor-widget-text-editor .elementor-drop-cap-letter{display:inline-block}<\/style>\t\t\t\t<p>In der Region Attersee Nord haben sich Imker aus den drei Gemeinden Sch\u00f6rfling, Seewalchen und Weyregg zu einem Verein zusammengeschlossen.<\/p>\t\t\t\t\t\t<\/div>\n\t\t\t\t<\/div>\n\t\t\t\t<div class=\"elementor-element elementor-element-186141f elementor-widget elementor-widget-image\" data-id=\"186141f\" data-element_type=\"widget\" data-widget_type=\"image.default\">\n\t\t\t\t<div class=\"elementor-widget-container\">\n\t\t\t<style>\/*! elementor - v3.7.8 - 02-10-2022 *\/\n.elementor-widget-image{text-align:center}.elementor-widget-image a{display:inline-block}.elementor-widget-image a img[src$=\".svg\"]{width:48px}.elementor-widget-image img{vertical-align:middle;display:inline-block}<\/style>\t\t\t\t\t\t\t\t\t\t\t\t<img width=\"1024\" height=\"685\" src=\"https:\/\/www.imkerverein-attersee-nord.at\/wp-content\/uploads\/2022\/10\/atterseeNord-1024x685.png\" class=\"attachment-large size-large\" alt=\"Attersee\" loading=\"lazy\" srcset=\"https:\/\/www.imkerverein-attersee-nord.at\/wp-content\/uploads\/2022\/10\/atterseeNord-1024x685.png 1024w, https:\/\/www.imkerverein-attersee-nord.at\/wp-content\/uploads\/2022\/10\/atterseeNord-300x201.png 300w, https:\/\/www.imkerverein-attersee-nord.at\/wp-content\/uploads\/2022\/10\/atterseeNord-768x513.png 768w, https:\/\/www.imkerverein-attersee-nord.at\/wp-content\/uploads\/2022\/10\/atterseeNord.png 1026w\" sizes=\"(max-width: 1024px) 100vw, 1024px\" \/>\t\t\t\t\t\t\t\t\t\t\t\t\t\t\t<\/div>\n\t\t\t\t<\/div>\n\t\t\t\t<div class=\"elementor-element elementor-element-3858023c elementor-widget elementor-widget-text-editor\" data-id=\"3858023c\" data-element_type=\"widget\" data-widget_type=\"text-editor.default\">\n\t\t\t\t<div class=\"elementor-widget-container\">\n\t\t\t\t\t\t\t<p>Der Verein bietet eine wichtige Plattform f\u00fcr Erfahrungsaustausch, organisiert gemeinsame Veranstaltungen und generiert einen gr\u00f6\u00dferen Au\u00dfenauftritt in der Region. F\u00fcr Neueinsteiger werden regelm\u00e4\u00dfig Kurse organisiert.<\/p><p>Jeden ersten Montag im Monat treffen wir uns in gem\u00fctlicher Runde zum Stammtisch beim Gasthof Koderhold in Sch\u00f6rfling. Wir sind eine bunte Mischung aus Alt und Jung, Frauen und M\u00e4nner.<\/p>\t\t\t\t\t\t<\/div>\n\t\t\t\t<\/div>\n\t\t\t\t<div class=\"elementor-element elementor-element-a546774 elementor-widget elementor-widget-image\" data-id=\"a546774\" data-element_type=\"widget\" data-widget_type=\"image.default\">\n\t\t\t\t<div class=\"elementor-widget-container\">\n\t\t\t\t\t\t\t\t\t\t\t\t\t\t\t\t<a href=\"http:\/\/imkerverein-attersee-nord.at\/wp-content\/uploads\/2022\/09\/jhv2022-scaled.jpg\" data-elementor-open-lightbox=\"yes\" data-elementor-lightbox-title=\"jhv2022\" e-action-hash=\"#elementor-action%3Aaction%3Dlightbox%26settings%3DeyJpZCI6MTQ0LCJ1cmwiOiJodHRwczpcL1wvd3d3Lmlta2VydmVyZWluLWF0dGVyc2VlLW5vcmQuYXRcL3dwLWNvbnRlbnRcL3VwbG9hZHNcLzIwMjJcLzA5XC9qaHYyMDIyLXNjYWxlZC5qcGcifQ%3D%3D\">\n\t\t\t\t\t\t\t<img width=\"1024\" height=\"358\" src=\"https:\/\/www.imkerverein-attersee-nord.at\/wp-content\/uploads\/2022\/09\/jhv2022-1024x358.jpg\" class=\"attachment-large size-large\" alt=\"Jahreshauptversammlung 2022\" loading=\"lazy\" srcset=\"https:\/\/www.imkerverein-attersee-nord.at\/wp-content\/uploads\/2022\/09\/jhv2022-1024x358.jpg 1024w, https:\/\/www.imkerverein-attersee-nord.at\/wp-content\/uploads\/2022\/09\/jhv2022-300x105.jpg 300w, https:\/\/www.imkerverein-attersee-nord.at\/wp-content\/uploads\/2022\/09\/jhv2022-768x268.jpg 768w, https:\/\/www.imkerverein-attersee-nord.at\/wp-content\/uploads\/2022\/09\/jhv2022-1536x536.jpg 1536w, https:\/\/www.imkerverein-attersee-nord.at\/wp-content\/uploads\/2022\/09\/jhv2022-2048x715.jpg 2048w\" sizes=\"(max-width: 1024px) 100vw, 1024px\" \/>\t\t\t\t\t\t\t\t<\/a>\n\t\t\t\t\t\t\t\t\t\t\t\t\t\t\t<\/div>\n\t\t\t\t<\/div>\n\t\t\t\t<div class=\"elementor-element elementor-element-6051166 elementor-widget elementor-widget-text-editor\" data-id=\"6051166\" data-element_type=\"widget\" data-widget_type=\"text-editor.default\">\n\t\t\t\t<div class=\"elementor-widget-container\">\n\t\t\t\t\t\t\t<p>Das obige Bild wurde bei der Jahreshauptversammlung im Juli 2022 aufgenommen. Dem langj\u00e4hrigen Obmann Dr. Othmar Gebetsroither wurde f\u00fcr seine T\u00e4tigkeit herzlich gedankt und ein neuer Vorstand gew\u00e4hlt.<\/p><h2>Der Vorstand<\/h2><div><ul><li>Obmann: Dietmar Fageth<\/li><li>Obmann-Stv.: Karl Strasser<\/li><li>Kassier: Wolfgang K\u00f6nigseder<\/li><li>Kassier-Stv.: Julia Rauchenzauner<\/li><li>Schriftf\u00fchrer: Franz Huber<\/li><li>Schriftf\u00fchrer-Stv.: Dipl.Ing. Alexander Ziegler<\/li><li>Gesundheitswart: Mag. Thomas Fuchs<\/li><\/ul><\/div>\t\t\t\t\t\t<\/div>\n\t\t\t\t<\/div>\n\t\t\t\t\t<\/div>\n\t\t<\/div>\n\t\t\t\t\t\t\t<\/div>\n\t\t<\/section>\n\t\t\t\t<section class=\"elementor-section elementor-top-section elementor-element elementor-element-432589e9 elementor-section-stretched elementor-section-content-middle elementor-section-height-min-height elementor-section-boxed elementor-section-height-default elementor-section-items-middle\" data-id=\"432589e9\" data-element_type=\"section\" data-settings=\"{&quot;stretch_section&quot;:&quot;section-stretched&quot;,&quot;background_background&quot;:&quot;classic&quot;}\">\n\t\t\t\t\t\t\t<div class=\"elementor-background-overlay\"><\/div>\n\t\t\t\t\t\t\t<div class=\"elementor-container elementor-column-gap-default\">\n\t\t\t\t\t<div class=\"elementor-column elementor-col-100 elementor-top-column elementor-element elementor-element-4257c03e\" data-id=\"4257c03e\" data-element_type=\"column\">\n\t\t\t<div class=\"elementor-widget-wrap elementor-element-populated\">\n\t\t\t\t\t\t\t\t<div class=\"elementor-element elementor-element-6667b726 elementor-widget elementor-widget-heading\" data-id=\"6667b726\" data-element_type=\"widget\" data-widget_type=\"heading.default\">\n\t\t\t\t<div class=\"elementor-widget-container\">\n\t\t\t<h2 class=\"elementor-heading-title elementor-size-default\">Erfahrungen austauschen, Kontakte pflegen, geselliges Vereinsleben, ...<\/h2>\t\t<\/div>\n\t\t\t\t<\/div>\n\t\t\t\t<div class=\"elementor-element elementor-element-747af195 elementor-hidden-mobile elementor-widget elementor-widget-heading\" data-id=\"747af195\" data-element_type=\"widget\" data-widget_type=\"heading.default\">\n\t\t\t\t<div class=\"elementor-widget-container\">\n\t\t\t<h6 class=\"elementor-heading-title elementor-size-default\">Kontaktieren Sie uns<\/h6>\t\t<\/div>\n\t\t\t\t<\/div>\n\t\t\t\t<div class=\"elementor-element elementor-element-40d4ef0f elementor-widget-divider--view-line elementor-widget elementor-widget-divider\" data-id=\"40d4ef0f\" data-element_type=\"widget\" data-widget_type=\"divider.default\">\n\t\t\t\t<div class=\"elementor-widget-container\">\n\t\t\t<style>\/*! elementor - v3.7.8 - 02-10-2022 *\/\n.elementor-widget-divider{--divider-border-style:none;--divider-border-width:1px;--divider-color:#2c2c2c;--divider-icon-size:20px;--divider-element-spacing:10px;--divider-pattern-height:24px;--divider-pattern-size:20px;--divider-pattern-url:none;--divider-pattern-repeat:repeat-x}.elementor-widget-divider .elementor-divider{display:-webkit-box;display:-ms-flexbox;display:flex}.elementor-widget-divider .elementor-divider__text{font-size:15px;line-height:1;max-width:95%}.elementor-widget-divider .elementor-divider__element{margin:0 var(--divider-element-spacing);-ms-flex-negative:0;flex-shrink:0}.elementor-widget-divider .elementor-icon{font-size:var(--divider-icon-size)}.elementor-widget-divider .elementor-divider-separator{display:-webkit-box;display:-ms-flexbox;display:flex;margin:0;direction:ltr}.elementor-widget-divider--view-line_icon .elementor-divider-separator,.elementor-widget-divider--view-line_text .elementor-divider-separator{-webkit-box-align:center;-ms-flex-align:center;align-items:center}.elementor-widget-divider--view-line_icon .elementor-divider-separator:after,.elementor-widget-divider--view-line_icon .elementor-divider-separator:before,.elementor-widget-divider--view-line_text .elementor-divider-separator:after,.elementor-widget-divider--view-line_text .elementor-divider-separator:before{display:block;content:\"\";border-bottom:0;-webkit-box-flex:1;-ms-flex-positive:1;flex-grow:1;border-top:var(--divider-border-width) var(--divider-border-style) var(--divider-color)}.elementor-widget-divider--element-align-left .elementor-divider .elementor-divider-separator>.elementor-divider__svg:first-of-type{-webkit-box-flex:0;-ms-flex-positive:0;flex-grow:0;-ms-flex-negative:100;flex-shrink:100}.elementor-widget-divider--element-align-left .elementor-divider-separator:before{content:none}.elementor-widget-divider--element-align-left .elementor-divider__element{margin-left:0}.elementor-widget-divider--element-align-right .elementor-divider .elementor-divider-separator>.elementor-divider__svg:last-of-type{-webkit-box-flex:0;-ms-flex-positive:0;flex-grow:0;-ms-flex-negative:100;flex-shrink:100}.elementor-widget-divider--element-align-right .elementor-divider-separator:after{content:none}.elementor-widget-divider--element-align-right .elementor-divider__element{margin-right:0}.elementor-widget-divider:not(.elementor-widget-divider--view-line_text):not(.elementor-widget-divider--view-line_icon) .elementor-divider-separator{border-top:var(--divider-border-width) var(--divider-border-style) var(--divider-color)}.elementor-widget-divider--separator-type-pattern{--divider-border-style:none}.elementor-widget-divider--separator-type-pattern.elementor-widget-divider--view-line .elementor-divider-separator,.elementor-widget-divider--separator-type-pattern:not(.elementor-widget-divider--view-line) .elementor-divider-separator:after,.elementor-widget-divider--separator-type-pattern:not(.elementor-widget-divider--view-line) .elementor-divider-separator:before,.elementor-widget-divider--separator-type-pattern:not([class*=elementor-widget-divider--view]) .elementor-divider-separator{width:100%;min-height:var(--divider-pattern-height);-webkit-mask-size:var(--divider-pattern-size) 100%;mask-size:var(--divider-pattern-size) 100%;-webkit-mask-repeat:var(--divider-pattern-repeat);mask-repeat:var(--divider-pattern-repeat);background-color:var(--divider-color);-webkit-mask-image:var(--divider-pattern-url);mask-image:var(--divider-pattern-url)}.elementor-widget-divider--no-spacing{--divider-pattern-size:auto}.elementor-widget-divider--bg-round{--divider-pattern-repeat:round}.rtl .elementor-widget-divider .elementor-divider__text{direction:rtl}.e-container>.elementor-widget-divider{width:var(--container-widget-width,100%);--flex-grow:var(--container-widget-flex-grow,0)}<\/style>\t\t<div class=\"elementor-divider\">\n\t\t\t<span class=\"elementor-divider-separator\">\n\t\t\t\t\t\t<\/span>\n\t\t<\/div>\n\t\t\t\t<\/div>\n\t\t\t\t<\/div>\n\t\t\t\t<div class=\"elementor-element elementor-element-7ce09ae8 elementor-align-center elementor-widget elementor-widget-button\" data-id=\"7ce09ae8\" data-element_type=\"widget\" data-widget_type=\"button.default\">\n\t\t\t\t<div class=\"elementor-widget-container\">\n\t\t\t\t\t<div class=\"elementor-button-wrapper\">\n\t\t\t<a href=\"http:\/\/www.imkerverein-attersee-nord.at\/#kontakt\" class=\"elementor-button-link elementor-button elementor-size-sm elementor-animation-bounce-in\" role=\"button\">\n\t\t\t\t\t\t<span class=\"elementor-button-content-wrapper\">\n\t\t\t\t\t\t<span class=\"elementor-button-text\">Kontakt<\/span>\n\t\t<\/span>\n\t\t\t\t\t<\/a>\n\t\t<\/div>\n\t\t\t\t<\/div>\n\t\t\t\t<\/div>\n\t\t\t\t\t<\/div>\n\t\t<\/div>\n\t\t\t\t\t\t\t<\/div>\n\t\t<\/section>\n\t\t\t\t\t\t\t<\/div>\n\t\t","protected":false},"excerpt":{"rendered":"<p>\u00dcber uns In der Region Attersee Nord haben sich Imker aus den drei Gemeinden Sch\u00f6rfling, Seewalchen und Weyregg zu einem Verein zusammengeschlossen. Der Verein bietet eine wichtige Plattform f\u00fcr Erfahrungsaustausch, [&hellip;]<\/p>\n","protected":false},"author":1,"featured_media":0,"parent":0,"menu_order":0,"comment_status":"closed","ping_status":"closed","template":"","meta":[],"_links":{"self":[{"href":"https:\/\/www.imkerverein-attersee-nord.at\/index.php?rest_route=\/wp\/v2\/pages\/169"}],"collection":[{"href":"https:\/\/www.imkerverein-attersee-nord.at\/index.php?rest_route=\/wp\/v2\/pages"}],"about":[{"href":"https:\/\/www.imkerverein-attersee-nord.at\/index.php?rest_route=\/wp\/v2\/types\/page"}],"author":[{"embeddable":true,"href":"https:\/\/www.imkerverein-attersee-nord.at\/index.php?rest_route=\/wp\/v2\/users\/1"}],"replies":[{"embeddable":true,"href":"https:\/\/www.imkerverein-attersee-nord.at\/index.php?rest_route=%2Fwp%2Fv2%2Fcomments&post=169"}],"version-history":[{"count":71,"href":"https:\/\/www.imkerverein-attersee-nord.at\/index.php?rest_route=\/wp\/v2\/pages\/169\/revisions"}],"predecessor-version":[{"id":1291,"href":"https:\/\/www.imkerverein-attersee-nord.at\/index.php?rest_route=\/wp\/v2\/pages\/169\/revisions\/1291"}],"wp:attachment":[{"href":"https:\/\/www.imkerverein-attersee-nord.at\/index.php?rest_route=%2Fwp%2Fv2%2Fmedia&parent=169"}],"curies":[{"name":"wp","href":"https:\/\/api.w.org\/{rel}","templated":true}]}}